{"id":98,"date":"2018-02-26T13:45:28","date_gmt":"2018-02-26T16:45:28","guid":{"rendered":"https:\/\/laboratorioalquimia.com.ar\/?post_type=product&#038;p=98"},"modified":"2021-06-02T07:53:20","modified_gmt":"2021-06-02T10:53:20","slug":"neocarbosul-bebible-x-500-ml","status":"publish","type":"product","link":"https:\/\/laboratorioalquimia.com.ar\/?product=neocarbosul-bebible-x-500-ml","title":{"rendered":"Neocarbosul Bebible x 500 ml"},"content":{"rendered":"<p>FORMULA: Cada 100 ml contiene<\/p>\n<p>Neomicina Sulfato: 450 mg<br \/>\nSulfamerazina: 500 mg<br \/>\nSulfametazina S\u00f3dica: 400 mg<br \/>\nFtalilsulfatiazol: 750 mg<br \/>\nCarb\u00f3n Vegetal: 1500 mg<br \/>\nCaol\u00edn Coloidal: 4000 mg<\/p>\n<p>ESPECIES: Ovinos, Porcinos, Bovinos, Equinos, Caninos, Felinos, Aves y Conejos. <\/p>\n<p>INDICACIONES:<br \/>\nPotente asociaci\u00f3n Antibi\u00f3tico-Quimioter\u00e1pica de amplio espectro, de elecci\u00f3n en toda terapia ent\u00e9rica por v\u00eda oral, act\u00faa tanto en la luz como en la pared de todo el tracto gastrointestinal.<\/p>\n<p>ADMINISTRACI\u00d3N:<br \/>\nV\u00eda oral.<\/p>\n<p>DOSIFICACI\u00d3N:<br \/>\nPeque\u00f1os Animales: 1 ml cada kg de peso.<br \/>\nGrandes Animales: 50 ml cada 100 kg de peso. Aves y Conejos: 10 ml cada 2 litros de agua de bebida.<\/p>\n<p>PRESENTACI\u00d3N:<br \/>\nFrasco por 100, 500 y 1.000 ml.<\/p>\n<p>SENASA Certificado N\u00ba 87038<\/p>\n","protected":false},"excerpt":{"rendered":"<p>Antidiarreico Coccidiost\u00e1tico<\/p>\n","protected":false},"featured_media":204,"comment_status":"open","ping_status":"closed","template":"","meta":[],"product_brand":[],"product_cat":[15,23],"product_tag":[],"class_list":{"0":"post-98","1":"product","2":"type-product","3":"status-publish","4":"has-post-thumbnail","6":"product_cat-grandes_animales","7":"product_cat-pequenos-animales","9":"first","10":"outofstock","11":"taxable","12":"shipping-taxable","13":"purchasable","14":"product-type-simple"},"_links":{"self":[{"href":"https:\/\/laboratorioalquimia.com.ar\/index.php?rest_route=\/wp\/v2\/product\/98","targetHints":{"allow":["GET"]}}],"collection":[{"href":"https:\/\/laboratorioalquimia.com.ar\/index.php?rest_route=\/wp\/v2\/product"}],"about":[{"href":"https:\/\/laboratorioalquimia.com.ar\/index.php?rest_route=\/wp\/v2\/types\/product"}],"replies":[{"embeddable":true,"href":"https:\/\/laboratorioalquimia.com.ar\/index.php?rest_route=%2Fwp%2Fv2%2Fcomments&post=98"}],"wp:featuredmedia":[{"embeddable":true,"href":"https:\/\/laboratorioalquimia.com.ar\/index.php?rest_route=\/wp\/v2\/media\/204"}],"wp:attachment":[{"href":"https:\/\/laboratorioalquimia.com.ar\/index.php?rest_route=%2Fwp%2Fv2%2Fmedia&parent=98"}],"wp:term":[{"taxonomy":"product_brand","embeddable":true,"href":"https:\/\/laboratorioalquimia.com.ar\/index.php?rest_route=%2Fwp%2Fv2%2Fproduct_brand&post=98"},{"taxonomy":"product_cat","embeddable":true,"href":"https:\/\/laboratorioalquimia.com.ar\/index.php?rest_route=%2Fwp%2Fv2%2Fproduct_cat&post=98"},{"taxonomy":"product_tag","embeddable":true,"href":"https:\/\/laboratorioalquimia.com.ar\/index.php?rest_route=%2Fwp%2Fv2%2Fproduct_tag&post=98"}],"curies":[{"name":"wp","href":"https:\/\/api.w.org\/{rel}","templated":true}]}}