{"id":697,"date":"2019-03-14T11:09:30","date_gmt":"2019-03-14T14:09:30","guid":{"rendered":"https:\/\/laboratorioalquimia.com.ar\/?post_type=product&#038;p=697"},"modified":"2021-06-02T07:34:25","modified_gmt":"2021-06-02T10:34:25","slug":"v8-stano-x-250-ml","status":"publish","type":"product","link":"https:\/\/laboratorioalquimia.com.ar\/?product=v8-stano-x-250-ml","title":{"rendered":"V8-STANO x 250 ml"},"content":{"rendered":"<p>F\u00d3RMULA: Cada 100 ml contiene<br \/>\nEstanozolol: 50 mg<br \/>\nTiamina Clorhidrato (Vit. B1):\u00a0 480 mg<br \/>\nPiridoxina Clorhidrato (Vit. B6): 120 mg<br \/>\nCianocobalamina (Vit. B12): 2 mg<br \/>\n\u00c1cido Pang\u00e1mico (Vit. B15): 40 mg<br \/>\nNicotinamida (Vit. PP): 120 mg<br \/>\nColecalciferol (Vit. D3): 25.000 U.I.<\/p>\n<p>ESPECIES: Caninos.<\/p>\n<p>INDICACIONES: Se recomienda su uso en animales en los que se quiere incrementar el apetito, por padecer de debilidad, anorexia, p\u00e9rdida de peso, caquexia; en casos de convalecencia de traumas \u00f3seos o musculares, cirug\u00eda, anemia; en animales en los que se quiere incrementar la potencia y vitalidad.<\/p>\n<p>ADMINISTRACI\u00d3N: V\u00eda oral.<\/p>\n<p>ESQUEMA DE ADMINISTRACI\u00d3N: Se sugiere suministrar diariamente con el alimento a raz\u00f3n de 2 ml cada 10 kg de peso, durante dos a cuatro semanas, seg\u00fan la evoluci\u00f3n del animal tratado, pudiendo prolongarse de acuerdo al criterio del profesional actuante.<\/p>\n<p>PRESENTACI\u00d3N: Frascos con jeringa dosificadora por 100 ml y 250 ml.<\/p>\n<p>ESTANOZOLOL: Se emplea para estados de desmejoramiento general, anemia apl\u00e1sica, anorexia rebelde, convalecencia, enfermedades cr\u00f3nicas y debilitantes, alteraciones del metabolismo proteico con p\u00e9rdida de masa muscular y balance negativo de nitr\u00f3geno. Tambi\u00e9n es \u00fatil para contrarrestar el efecto catab\u00f3lico de los corticoides, fracturas de lenta consolidaci\u00f3n, osteoporosis, quemaduras extensas, per\u00edodos pre y post-operatorio.<\/p>\n<p>TIAMINA: Se encuentra solamente dentro de las c\u00e9lulas e interviene como cofactor enzim\u00e1tico en reacciones del metabolismo: descarboxilaciones oxidativas; formaci\u00f3n de alfa-cetoles catalizada por la transcetolasa, esta v\u00eda es la fuente principal de pentosas para la s\u00edntesis de \u00e1cidos nucleicos y de NADPH , as\u00ed como para la bios\u00edntesis de \u00e1cidos grasos y otros compuestos; cofactor de la enzima ciclasa de guanilato, el cual mantiene abiertos los poros de la membrana celular de los conos y los bastones, con lo cual impide que se produzca la hiperpolarizaci\u00f3n de la membrana y se ponga en marcha el proceso de transducci\u00f3n, un mecanismo bioqu\u00edmico determinante, entre otras cosas, de la visi\u00f3n; cofactor de la sintetasa de acetolactato, enzima que participa en la bios\u00edntesis de los amino\u00e1cidos valina y leucina.<\/p>\n<p>PIRIDOXINA: Es absorbida en el tracto gastrointestinal, principalmente a nivel del yeyuno. No se une a las prote\u00ednas plasm\u00e1ticas, pero s\u00ed el fosfato de piridoxal lo hace en su totalidad.   Se almacena principalmente en el h\u00edgado, y peque\u00f1as cantidades en cerebro y m\u00fasculo. Tiene un cometido importante en la s\u00edntesis de anticuerpos, en el funcionamiento normal del cerebro y en la formaci\u00f3n de gl\u00f3bulos rojos. Asimismo es requerida en una gran variedad de reacciones qu\u00edmicas necesarias para el metabolismo proteico, lip\u00eddico y de los gl\u00facidos.<\/p>\n<p>CIANOCOBALAMINA: Cofactor de importantes reacciones enzim\u00e1ticas fundamentales del crecimiento, desarrollo y reproducci\u00f3n celular, s\u00edntesis de mielina y nucleoprote\u00ednas, metabolismo de los amino\u00e1cidos y eritropoyesis. En rumiantes es sintetizada por la microflora ruminal en presencia de Cobalto.<\/p>\n<p>NICOTINAMIDA: La nicotinamida (o niacina) -componente de las coenzimas NAD y NADP- y sus metabolitos se encuentran presentes en todas las c\u00e9lulas y son indispensables como donadores celulares de electrones en las reacciones de oxidorreducci\u00f3n que intervienen en la degradaci\u00f3nde los carbohidratos, las prote\u00ednas y las grasas, por lo que tienen un cometido importante en la producci\u00f3n de energ\u00eda. La niacina act\u00faa tambi\u00e9n como transductor de se\u00f1ales, y regula la expresi\u00f3n de algunos genes y el mantenimiento de la integridad gen\u00f3mica. Participa en el mantenimiento de la piel, el sistema nervioso y el aparato digestivo. El \u00e1cido nicot\u00ednico en dosis farmacol\u00f3gicas se usa como agente antilipid\u00e9mico ya que contribuye a mejorar el perfil lip\u00eddico al disminuir el colesterol LDL y los triglic\u00e9ridos y aumentar el colesterol HDL. El termino niacina es utilizado como referencia colectiva tanto para la nicotinamida como para el \u00e1cido nicot\u00ednico.<\/p>\n<p>COLECALCIFEROL: Se requiere para mediar la absorci\u00f3n eficiente del calcio en el intestino, fijar el calcio en hueso y tal vez favorecer el uso del calcio en la actividad muscular. Usualmente act\u00faa como hormona precursora, ya que requiere dos estados de metabolizaci\u00f3n antes de alcanzar su forma hormonal activa: a) 25-hidroxicolecalciferol y b) 1,25-dihidroxicolecalciferol.<\/p>\n<p>\u00c1CIDO PANG\u00c1MICO: Colabora en la formaci\u00f3n de algunos amino\u00e1cidos tales como la metionina, la oxidaci\u00f3n de la glucosa y la respiraci\u00f3n celular, funci\u00f3n por la cual colabora en la reducci\u00f3n de la hipoxia a nivel del m\u00fasculo esquel\u00e9tico y card\u00edaco. Tambi\u00e9n act\u00faa como antioxidante y al mejorar la funci\u00f3n hep\u00e1tica ayuda en los procesos de detoxificaci\u00f3n.<\/p>\n<p>SENASA Certificado N\u00ba 17-128<\/p>\n","protected":false},"excerpt":{"rendered":"<p>Promotor de Crecimiento<br \/>\nAnab\u00f3lico<\/p>\n","protected":false},"featured_media":699,"comment_status":"open","ping_status":"closed","template":"","meta":[],"product_brand":[],"product_cat":[23],"product_tag":[],"class_list":{"0":"post-697","1":"product","2":"type-product","3":"status-publish","4":"has-post-thumbnail","6":"product_cat-pequenos-animales","8":"first","9":"outofstock","10":"taxable","11":"shipping-taxable","12":"purchasable","13":"product-type-simple"},"_links":{"self":[{"href":"https:\/\/laboratorioalquimia.com.ar\/index.php?rest_route=\/wp\/v2\/product\/697","targetHints":{"allow":["GET"]}}],"collection":[{"href":"https:\/\/laboratorioalquimia.com.ar\/index.php?rest_route=\/wp\/v2\/product"}],"about":[{"href":"https:\/\/laboratorioalquimia.com.ar\/index.php?rest_route=\/wp\/v2\/types\/product"}],"replies":[{"embeddable":true,"href":"https:\/\/laboratorioalquimia.com.ar\/index.php?rest_route=%2Fwp%2Fv2%2Fcomments&post=697"}],"wp:featuredmedia":[{"embeddable":true,"href":"https:\/\/laboratorioalquimia.com.ar\/index.php?rest_route=\/wp\/v2\/media\/699"}],"wp:attachment":[{"href":"https:\/\/laboratorioalquimia.com.ar\/index.php?rest_route=%2Fwp%2Fv2%2Fmedia&parent=697"}],"wp:term":[{"taxonomy":"product_brand","embeddable":true,"href":"https:\/\/laboratorioalquimia.com.ar\/index.php?rest_route=%2Fwp%2Fv2%2Fproduct_brand&post=697"},{"taxonomy":"product_cat","embeddable":true,"href":"https:\/\/laboratorioalquimia.com.ar\/index.php?rest_route=%2Fwp%2Fv2%2Fproduct_cat&post=697"},{"taxonomy":"product_tag","embeddable":true,"href":"https:\/\/laboratorioalquimia.com.ar\/index.php?rest_route=%2Fwp%2Fv2%2Fproduct_tag&post=697"}],"curies":[{"name":"wp","href":"https:\/\/api.w.org\/{rel}","templated":true}]}}