{"id":266,"date":"2018-02-27T09:54:41","date_gmt":"2018-02-27T12:54:41","guid":{"rendered":"https:\/\/laboratorioalquimia.com.ar\/?post_type=product&#038;p=266"},"modified":"2021-06-02T07:37:01","modified_gmt":"2021-06-02T10:37:01","slug":"piperacina-alquimia-x-50-g","status":"publish","type":"product","link":"https:\/\/laboratorioalquimia.com.ar\/?product=piperacina-alquimia-x-50-g","title":{"rendered":"Piperacina Alquimia x 50 g"},"content":{"rendered":"<p>F\u00d3RMULA: Cada 100 g contiene<br \/>\nDiclorhidrato de Piperacina: 99,7 g<br \/>\nConservantes: 0,3 g<\/p>\n<p>ESPECIES: Aves, Conejos, Equinos y Porcinos.<\/p>\n<p>INDICACIONES: Combate el parasitismo por Nematodes: \u00c1scaris en cerdos, Ascaridia Galli y Heterakis Gallinae en aves, administr\u00e1ndolo tanto en el agua como en la raci\u00f3n.<\/p>\n<p>ADMINISTRACI\u00d3N: V\u00eda oral.<\/p>\n<p>DOSIFICACI\u00d3N:<br \/>\nIncorporar en el agua de bebida:<br \/>\nConejos: 250 mg cada 1 kg de peso.<br \/>\nEquinos: 25 g cada 100 kg de peso.<br \/>\nCerdos: 2 g cada 10 kg de peso.<br \/>\nAves: 65 mg cada 1 kg de peso.<br \/>\nIncorporar en la raci\u00f3n:<br \/>\nAves y Conejos: 25 g cada 10 kg de alimento.<\/p>\n<p>PRESENTACI\u00d3N: Sobres por 50 g y potes por 100 g.<\/p>\n<p>SENASA Certificado N\u00ba 06-414<\/p>\n","protected":false},"excerpt":{"rendered":"<p>Ascaricida Soluble<\/p>\n","protected":false},"featured_media":210,"comment_status":"open","ping_status":"closed","template":"","meta":[],"product_brand":[],"product_cat":[15,23],"product_tag":[],"class_list":{"0":"post-266","1":"product","2":"type-product","3":"status-publish","4":"has-post-thumbnail","6":"product_cat-grandes_animales","7":"product_cat-pequenos-animales","9":"first","10":"outofstock","11":"taxable","12":"shipping-taxable","13":"purchasable","14":"product-type-simple"},"_links":{"self":[{"href":"https:\/\/laboratorioalquimia.com.ar\/index.php?rest_route=\/wp\/v2\/product\/266","targetHints":{"allow":["GET"]}}],"collection":[{"href":"https:\/\/laboratorioalquimia.com.ar\/index.php?rest_route=\/wp\/v2\/product"}],"about":[{"href":"https:\/\/laboratorioalquimia.com.ar\/index.php?rest_route=\/wp\/v2\/types\/product"}],"replies":[{"embeddable":true,"href":"https:\/\/laboratorioalquimia.com.ar\/index.php?rest_route=%2Fwp%2Fv2%2Fcomments&post=266"}],"wp:featuredmedia":[{"embeddable":true,"href":"https:\/\/laboratorioalquimia.com.ar\/index.php?rest_route=\/wp\/v2\/media\/210"}],"wp:attachment":[{"href":"https:\/\/laboratorioalquimia.com.ar\/index.php?rest_route=%2Fwp%2Fv2%2Fmedia&parent=266"}],"wp:term":[{"taxonomy":"product_brand","embeddable":true,"href":"https:\/\/laboratorioalquimia.com.ar\/index.php?rest_route=%2Fwp%2Fv2%2Fproduct_brand&post=266"},{"taxonomy":"product_cat","embeddable":true,"href":"https:\/\/laboratorioalquimia.com.ar\/index.php?rest_route=%2Fwp%2Fv2%2Fproduct_cat&post=266"},{"taxonomy":"product_tag","embeddable":true,"href":"https:\/\/laboratorioalquimia.com.ar\/index.php?rest_route=%2Fwp%2Fv2%2Fproduct_tag&post=266"}],"curies":[{"name":"wp","href":"https:\/\/api.w.org\/{rel}","templated":true}]}}