{"id":263,"date":"2018-02-27T09:46:25","date_gmt":"2018-02-27T12:46:25","guid":{"rendered":"https:\/\/laboratorioalquimia.com.ar\/?post_type=product&#038;p=263"},"modified":"2021-06-02T07:39:44","modified_gmt":"2021-06-02T10:39:44","slug":"oxitetraciclina-soluble-55-x-150-g","status":"publish","type":"product","link":"https:\/\/laboratorioalquimia.com.ar\/?product=oxitetraciclina-soluble-55-x-150-g","title":{"rendered":"Oxitetraciclina Soluble 5,5 % x 150 g"},"content":{"rendered":"<p>F\u00d3RMULA: Cada 100 g contiene<br \/>\nOxitetraciclina Clorhidrato: 5,5 g<\/p>\n<p>ESPECIES: Bovinos, Ovinos, Caprinos, Porcinos, Aves, Conejos y Pil\u00edferos.<\/p>\n<p>INDICACIONES: Enteritis infecciosa, salmonelosis, E.C.R. y enfermedades respiratorias asociadas a microorganismos sensibles a la Oxitetraciclina en aves y cerdos. Colibacilosis, diarrea blanca, enteritis y neumon\u00edas en terneros y corderos. Enteritis e infecciones respiratorias en animales de peleter\u00eda.<\/p>\n<p>DOSIFICACI\u00d3N:<br \/>\nAves y Porcinos: 10 g cada 4 litros de agua de bebida o cada 2 kg de raci\u00f3n durante 5 d\u00edas.<br \/>\nTerneros y Corderos: 10 g cada 50 kpv por d\u00eda durante 4-5 d\u00edas.<br \/>\nPil\u00edferos: 20 g cada 4 litros de agua de bebida o cada 2 kg de raci\u00f3n durante 4-5 d\u00edas.<br \/>\nDuraci\u00f3n m\u00e1xima del producto despu\u00e9s de su preparaci\u00f3n para agua o raci\u00f3n: un d\u00eda.<\/p>\n<p>PRESENTACI\u00d3N: Potes por 150 y 750 g.<\/p>\n<p>SENASA Certificado N\u00ba 06-347<\/p>\n","protected":false},"excerpt":{"rendered":"<p>Antimicrobiano &#8211; Antibi\u00f3tico &#8211; Tetraciclinas<\/p>\n","protected":false},"featured_media":208,"comment_status":"open","ping_status":"closed","template":"","meta":[],"product_brand":[],"product_cat":[15,23],"product_tag":[],"class_list":{"0":"post-263","1":"product","2":"type-product","3":"status-publish","4":"has-post-thumbnail","6":"product_cat-grandes_animales","7":"product_cat-pequenos-animales","9":"first","10":"outofstock","11":"taxable","12":"shipping-taxable","13":"purchasable","14":"product-type-simple"},"_links":{"self":[{"href":"https:\/\/laboratorioalquimia.com.ar\/index.php?rest_route=\/wp\/v2\/product\/263","targetHints":{"allow":["GET"]}}],"collection":[{"href":"https:\/\/laboratorioalquimia.com.ar\/index.php?rest_route=\/wp\/v2\/product"}],"about":[{"href":"https:\/\/laboratorioalquimia.com.ar\/index.php?rest_route=\/wp\/v2\/types\/product"}],"replies":[{"embeddable":true,"href":"https:\/\/laboratorioalquimia.com.ar\/index.php?rest_route=%2Fwp%2Fv2%2Fcomments&post=263"}],"wp:featuredmedia":[{"embeddable":true,"href":"https:\/\/laboratorioalquimia.com.ar\/index.php?rest_route=\/wp\/v2\/media\/208"}],"wp:attachment":[{"href":"https:\/\/laboratorioalquimia.com.ar\/index.php?rest_route=%2Fwp%2Fv2%2Fmedia&parent=263"}],"wp:term":[{"taxonomy":"product_brand","embeddable":true,"href":"https:\/\/laboratorioalquimia.com.ar\/index.php?rest_route=%2Fwp%2Fv2%2Fproduct_brand&post=263"},{"taxonomy":"product_cat","embeddable":true,"href":"https:\/\/laboratorioalquimia.com.ar\/index.php?rest_route=%2Fwp%2Fv2%2Fproduct_cat&post=263"},{"taxonomy":"product_tag","embeddable":true,"href":"https:\/\/laboratorioalquimia.com.ar\/index.php?rest_route=%2Fwp%2Fv2%2Fproduct_tag&post=263"}],"curies":[{"name":"wp","href":"https:\/\/api.w.org\/{rel}","templated":true}]}}