{"id":262,"date":"2018-02-27T09:43:42","date_gmt":"2018-02-27T12:43:42","guid":{"rendered":"https:\/\/laboratorioalquimia.com.ar\/?post_type=product&#038;p=262"},"modified":"2021-06-02T07:43:42","modified_gmt":"2021-06-02T10:43:42","slug":"neocarbosul-2-000-x-50-comp","status":"publish","type":"product","link":"https:\/\/laboratorioalquimia.com.ar\/?product=neocarbosul-2-000-x-50-comp","title":{"rendered":"Neocarbosul 2.000 x 50 Comp."},"content":{"rendered":"<p>F\u00d3RMULA: Cada comp. de 2.000 mg contiene<br \/>\nNeomicina Sulfato: 90 mg<br \/>\nSulfamerazina: 100 mg<br \/>\nSulfametazina S\u00f3dica: 80 mg<br \/>\nFtalilsulfatiazol: 150 mg<br \/>\nCarb\u00f3n Vegetal: 300 mg<br \/>\nCaol\u00edn Coloidal: 760 mg<\/p>\n<p>ESPECIES: Bovinos (prerrumiantes), Ovinos (prerrumiantes), Equinos y Porcinos.<\/p>\n<p>INDICACIONES: Sencilla administraci\u00f3n y r\u00e1pido efecto. Facilita en gran manera la terap\u00e9utica y control de afecciones gastroent\u00e9ricas en criaderos y guacheras.<\/p>\n<p>ADMINISTRACI\u00d3N: V\u00eda oral.<\/p>\n<p>DOSIFICACI\u00d3N: Un comp. por d\u00eda cada 25 kg de peso.<\/p>\n<p>PRESENTACI\u00d3N: Pastillero con 50 comprimidos.<\/p>\n<p>SENASA Certificado N\u00ba 07-002<\/p>\n","protected":false},"excerpt":{"rendered":"<p>Antidiarreico Coccidiost\u00e1tico<\/p>\n","protected":false},"featured_media":202,"comment_status":"open","ping_status":"closed","template":"","meta":[],"product_brand":[],"product_cat":[15],"product_tag":[],"class_list":{"0":"post-262","1":"product","2":"type-product","3":"status-publish","4":"has-post-thumbnail","6":"product_cat-grandes_animales","8":"first","9":"outofstock","10":"taxable","11":"shipping-taxable","12":"purchasable","13":"product-type-simple"},"_links":{"self":[{"href":"https:\/\/laboratorioalquimia.com.ar\/index.php?rest_route=\/wp\/v2\/product\/262","targetHints":{"allow":["GET"]}}],"collection":[{"href":"https:\/\/laboratorioalquimia.com.ar\/index.php?rest_route=\/wp\/v2\/product"}],"about":[{"href":"https:\/\/laboratorioalquimia.com.ar\/index.php?rest_route=\/wp\/v2\/types\/product"}],"replies":[{"embeddable":true,"href":"https:\/\/laboratorioalquimia.com.ar\/index.php?rest_route=%2Fwp%2Fv2%2Fcomments&post=262"}],"wp:featuredmedia":[{"embeddable":true,"href":"https:\/\/laboratorioalquimia.com.ar\/index.php?rest_route=\/wp\/v2\/media\/202"}],"wp:attachment":[{"href":"https:\/\/laboratorioalquimia.com.ar\/index.php?rest_route=%2Fwp%2Fv2%2Fmedia&parent=262"}],"wp:term":[{"taxonomy":"product_brand","embeddable":true,"href":"https:\/\/laboratorioalquimia.com.ar\/index.php?rest_route=%2Fwp%2Fv2%2Fproduct_brand&post=262"},{"taxonomy":"product_cat","embeddable":true,"href":"https:\/\/laboratorioalquimia.com.ar\/index.php?rest_route=%2Fwp%2Fv2%2Fproduct_cat&post=262"},{"taxonomy":"product_tag","embeddable":true,"href":"https:\/\/laboratorioalquimia.com.ar\/index.php?rest_route=%2Fwp%2Fv2%2Fproduct_tag&post=262"}],"curies":[{"name":"wp","href":"https:\/\/api.w.org\/{rel}","templated":true}]}}