{"id":259,"date":"2018-02-27T09:40:13","date_gmt":"2018-02-27T12:40:13","guid":{"rendered":"https:\/\/laboratorioalquimia.com.ar\/?post_type=product&#038;p=259"},"modified":"2021-06-02T07:45:10","modified_gmt":"2021-06-02T10:45:10","slug":"hepan-iny-x-50-ml","status":"publish","type":"product","link":"https:\/\/laboratorioalquimia.com.ar\/?product=hepan-iny-x-50-ml","title":{"rendered":"Hepan Iny. x 50 ml"},"content":{"rendered":"<p>F\u00d3RMULA: Cada 100 ml contiene<br \/>\n\u00c1cido Ti\u00f3ctico: 500 mg<\/p>\n<p>ESPECIES: Bovinos, Equinos, Porcinos, Ovinos, Caninos y Felinos. <\/p>\n<p>INDICACIONES: Insuficiencia hep\u00e1tica, intoxicaciones en general. Esteatosis hep\u00e1tica. Coadyuvante en procesos que comprometan la funci\u00f3n hep\u00e1tica. Alteraciones digestivas. Post operatorios. Dermatosis. Alteraciones de los valores s\u00e9ricos de bilirrubina y GOT. Anorexia. Stress. Como preventivo en animales en entrenamiento. Coadyuvante en anemias, mialgias, neuralgias, desnutrici\u00f3n, estados anafil\u00e1cticos, estados de fatiga, prurito, hiperqueratosis, dispepsias, cirrosis.<\/p>\n<p>ADMINISTRACI\u00d3N: Inyectable subcut\u00e1neo, intramuscular o endovenoso.<\/p>\n<p>DOSIFICACI\u00d3N:<br \/>\nBovinos: 10 ml cada 50 kg de peso por d\u00eda.<br \/>\nOvinos y Porcinos: 5 ml cada 50 kg de peso por d\u00eda.<br \/>\nCaninos y Felinos: 2 a 3 ml por d\u00eda.<\/p>\n<p>PRESENTACI\u00d3N: Frasco ampolla por 50 ml.<\/p>\n<p>SENASA Certificado N\u00ba 06-341<\/p>\n","protected":false},"excerpt":{"rendered":"<p>Protector Hep\u00e1tico &#8211; Desintoxicante<\/p>\n","protected":false},"featured_media":199,"comment_status":"open","ping_status":"closed","template":"","meta":[],"product_brand":[],"product_cat":[15,23],"product_tag":[],"class_list":{"0":"post-259","1":"product","2":"type-product","3":"status-publish","4":"has-post-thumbnail","6":"product_cat-grandes_animales","7":"product_cat-pequenos-animales","9":"first","10":"outofstock","11":"taxable","12":"shipping-taxable","13":"purchasable","14":"product-type-simple"},"_links":{"self":[{"href":"https:\/\/laboratorioalquimia.com.ar\/index.php?rest_route=\/wp\/v2\/product\/259","targetHints":{"allow":["GET"]}}],"collection":[{"href":"https:\/\/laboratorioalquimia.com.ar\/index.php?rest_route=\/wp\/v2\/product"}],"about":[{"href":"https:\/\/laboratorioalquimia.com.ar\/index.php?rest_route=\/wp\/v2\/types\/product"}],"replies":[{"embeddable":true,"href":"https:\/\/laboratorioalquimia.com.ar\/index.php?rest_route=%2Fwp%2Fv2%2Fcomments&post=259"}],"wp:featuredmedia":[{"embeddable":true,"href":"https:\/\/laboratorioalquimia.com.ar\/index.php?rest_route=\/wp\/v2\/media\/199"}],"wp:attachment":[{"href":"https:\/\/laboratorioalquimia.com.ar\/index.php?rest_route=%2Fwp%2Fv2%2Fmedia&parent=259"}],"wp:term":[{"taxonomy":"product_brand","embeddable":true,"href":"https:\/\/laboratorioalquimia.com.ar\/index.php?rest_route=%2Fwp%2Fv2%2Fproduct_brand&post=259"},{"taxonomy":"product_cat","embeddable":true,"href":"https:\/\/laboratorioalquimia.com.ar\/index.php?rest_route=%2Fwp%2Fv2%2Fproduct_cat&post=259"},{"taxonomy":"product_tag","embeddable":true,"href":"https:\/\/laboratorioalquimia.com.ar\/index.php?rest_route=%2Fwp%2Fv2%2Fproduct_tag&post=259"}],"curies":[{"name":"wp","href":"https:\/\/api.w.org\/{rel}","templated":true}]}}