{"id":231,"date":"2018-02-27T08:26:45","date_gmt":"2018-02-27T11:26:45","guid":{"rendered":"https:\/\/laboratorioalquimia.com.ar\/?post_type=product&#038;p=231"},"modified":"2021-06-23T08:33:15","modified_gmt":"2021-06-23T11:33:15","slug":"hepan-x-200-comp","status":"publish","type":"product","link":"https:\/\/laboratorioalquimia.com.ar\/?product=hepan-x-200-comp","title":{"rendered":"Hepan x 200 Comp."},"content":{"rendered":"<p>F\u00d3RMULA: Cada comp. de 200 mg contiene<br \/>\n\u00c1cido Ti\u00f3ctico: 5 mg<\/p>\n<p>ESPECIES: Felinos y Caninos. <\/p>\n<p>INDICACIONES: Insuficiencia hep\u00e1tica, intoxicaciones en general. Esteatosis hep\u00e1tica. Alteraciones digestivas. Post operatorios. Dermatosis. Alteraciones de los valores s\u00e9ricos de bilirrubina y GOT. Anorexia. Stress. Como preventivo en animales en entrenamiento. Coadyuvante en anemias, mialgias, neuralgias, convalecencias, desnutrici\u00f3n, estados anafil\u00e1cticos, estados de fatiga, prurito, hiperqueratosis, dispepsias, cirrosis.<\/p>\n<p>ADMINISTRACI\u00d3N: V\u00eda oral.<\/p>\n<p>DOSIFICACI\u00d3N: Caninos y Felinos: 1 comp. 2 veces al d\u00eda cada 10 kg de peso.<\/p>\n<p>PRESENTACI\u00d3N: Caja con 3 y 10 blisters por 20 comprimidos.<\/p>\n<p>SENASA Certificado N\u00ba 06-338<\/p>\n","protected":false},"excerpt":{"rendered":"<p>Protector Hep\u00e1tico &#8211; Desintoxicante<\/p>\n","protected":false},"featured_media":825,"comment_status":"open","ping_status":"closed","template":"","meta":[],"product_brand":[],"product_cat":[23],"product_tag":[],"class_list":{"0":"post-231","1":"product","2":"type-product","3":"status-publish","4":"has-post-thumbnail","6":"product_cat-pequenos-animales","8":"first","9":"outofstock","10":"taxable","11":"shipping-taxable","12":"purchasable","13":"product-type-simple"},"_links":{"self":[{"href":"https:\/\/laboratorioalquimia.com.ar\/index.php?rest_route=\/wp\/v2\/product\/231","targetHints":{"allow":["GET"]}}],"collection":[{"href":"https:\/\/laboratorioalquimia.com.ar\/index.php?rest_route=\/wp\/v2\/product"}],"about":[{"href":"https:\/\/laboratorioalquimia.com.ar\/index.php?rest_route=\/wp\/v2\/types\/product"}],"replies":[{"embeddable":true,"href":"https:\/\/laboratorioalquimia.com.ar\/index.php?rest_route=%2Fwp%2Fv2%2Fcomments&post=231"}],"wp:featuredmedia":[{"embeddable":true,"href":"https:\/\/laboratorioalquimia.com.ar\/index.php?rest_route=\/wp\/v2\/media\/825"}],"wp:attachment":[{"href":"https:\/\/laboratorioalquimia.com.ar\/index.php?rest_route=%2Fwp%2Fv2%2Fmedia&parent=231"}],"wp:term":[{"taxonomy":"product_brand","embeddable":true,"href":"https:\/\/laboratorioalquimia.com.ar\/index.php?rest_route=%2Fwp%2Fv2%2Fproduct_brand&post=231"},{"taxonomy":"product_cat","embeddable":true,"href":"https:\/\/laboratorioalquimia.com.ar\/index.php?rest_route=%2Fwp%2Fv2%2Fproduct_cat&post=231"},{"taxonomy":"product_tag","embeddable":true,"href":"https:\/\/laboratorioalquimia.com.ar\/index.php?rest_route=%2Fwp%2Fv2%2Fproduct_tag&post=231"}],"curies":[{"name":"wp","href":"https:\/\/api.w.org\/{rel}","templated":true}]}}