{"id":228,"date":"2018-02-27T08:22:22","date_gmt":"2018-02-27T11:22:22","guid":{"rendered":"https:\/\/laboratorioalquimia.com.ar\/?post_type=product&#038;p=228"},"modified":"2021-06-02T07:48:51","modified_gmt":"2021-06-02T10:48:51","slug":"enrofloxacina-x-60-comp","status":"publish","type":"product","link":"https:\/\/laboratorioalquimia.com.ar\/?product=enrofloxacina-x-60-comp","title":{"rendered":"Enrofloxacina x 60 Comp."},"content":{"rendered":"<p>F\u00d3RMULA: Cada comp. de 250 mg contiene<br \/>\nEnrofloxacina: 50 mg<\/p>\n<p>ESPECIES: Felinos y Caninos. <\/p>\n<p>INDICACIONES: Infecciones agudas o cr\u00f3nicas producidas por bacterias Gram Positivas, Negativas o Mycoplasma en aparatos respiratorio, digestivo, urinario, piel y conducto auditivo externo.<\/p>\n<p>ADMINISTRACI\u00d3N: V\u00eda Oral.<\/p>\n<p>DOSIFICACI\u00d3N: 1 comp. cada 10 kg de peso dos veces al d\u00eda, durante 3 a 5 d\u00edas.<\/p>\n<p>PRESENTACI\u00d3N: Caja con 3 blisters por 20 comprimidos en blisters.<\/p>\n<p>SENASA Certificado N\u00ba 06-136<\/p>\n","protected":false},"excerpt":{"rendered":"<p>Antibi\u00f3tico de Amplio Espectro<\/p>\n","protected":false},"featured_media":192,"comment_status":"open","ping_status":"closed","template":"","meta":[],"product_brand":[],"product_cat":[23],"product_tag":[],"class_list":{"0":"post-228","1":"product","2":"type-product","3":"status-publish","4":"has-post-thumbnail","6":"product_cat-pequenos-animales","8":"first","9":"outofstock","10":"taxable","11":"shipping-taxable","12":"purchasable","13":"product-type-simple"},"_links":{"self":[{"href":"https:\/\/laboratorioalquimia.com.ar\/index.php?rest_route=\/wp\/v2\/product\/228","targetHints":{"allow":["GET"]}}],"collection":[{"href":"https:\/\/laboratorioalquimia.com.ar\/index.php?rest_route=\/wp\/v2\/product"}],"about":[{"href":"https:\/\/laboratorioalquimia.com.ar\/index.php?rest_route=\/wp\/v2\/types\/product"}],"replies":[{"embeddable":true,"href":"https:\/\/laboratorioalquimia.com.ar\/index.php?rest_route=%2Fwp%2Fv2%2Fcomments&post=228"}],"wp:featuredmedia":[{"embeddable":true,"href":"https:\/\/laboratorioalquimia.com.ar\/index.php?rest_route=\/wp\/v2\/media\/192"}],"wp:attachment":[{"href":"https:\/\/laboratorioalquimia.com.ar\/index.php?rest_route=%2Fwp%2Fv2%2Fmedia&parent=228"}],"wp:term":[{"taxonomy":"product_brand","embeddable":true,"href":"https:\/\/laboratorioalquimia.com.ar\/index.php?rest_route=%2Fwp%2Fv2%2Fproduct_brand&post=228"},{"taxonomy":"product_cat","embeddable":true,"href":"https:\/\/laboratorioalquimia.com.ar\/index.php?rest_route=%2Fwp%2Fv2%2Fproduct_cat&post=228"},{"taxonomy":"product_tag","embeddable":true,"href":"https:\/\/laboratorioalquimia.com.ar\/index.php?rest_route=%2Fwp%2Fv2%2Fproduct_tag&post=228"}],"curies":[{"name":"wp","href":"https:\/\/api.w.org\/{rel}","templated":true}]}}