{"id":217,"date":"2018-02-27T08:06:05","date_gmt":"2018-02-27T11:06:05","guid":{"rendered":"https:\/\/laboratorioalquimia.com.ar\/?post_type=product&#038;p=217"},"modified":"2021-06-02T07:51:17","modified_gmt":"2021-06-02T10:51:17","slug":"anubisin-plus-5-kg-x-10-comp","status":"publish","type":"product","link":"https:\/\/laboratorioalquimia.com.ar\/?product=anubisin-plus-5-kg-x-10-comp","title":{"rendered":"Anubisin Plus 5 Kg x 10 Comp."},"content":{"rendered":"<p>F\u00d3RMULA: Cada comp. de 600 mg contiene<br \/>\nLevamisol Clorhidrato: 40 mg<br \/>\nNiclosamida: 333 mg<\/p>\n<p>ESPECIES: Caninos. <\/p>\n<p>INDICACIONES: Tenicida y antihelm\u00edntico eficaz sobre formas j\u00f3venes y adultas de par\u00e1sitos gastrointestinales y pulmonares. Indicado contra Anquilostomas, Estr\u00f3ngilos, \u00c1scaris, Trichuris, Dipilidium Caninum, Echinococus Granulossus y Tenias Hidat\u00edgena, Pisciformis y Ovis.<\/p>\n<p>ADMINISTRACI\u00d3N: V\u00eda oral.<\/p>\n<p>DOSIFICACI\u00d3N: 1 comprimido cada 5 kg de peso en una sola administraci\u00f3n.<\/p>\n<p>PRESENTACI\u00d3N: Cajas con 1 y 10 blisters por 10 comprimidos.<\/p>\n<p>SENASA Certificado N\u00ba 93245<\/p>\n","protected":false},"excerpt":{"rendered":"<p>Antiparasitario Interno<\/p>\n","protected":false},"featured_media":180,"comment_status":"open","ping_status":"closed","template":"","meta":[],"product_brand":[],"product_cat":[23],"product_tag":[],"class_list":{"0":"post-217","1":"product","2":"type-product","3":"status-publish","4":"has-post-thumbnail","6":"product_cat-pequenos-animales","8":"first","9":"outofstock","10":"taxable","11":"shipping-taxable","12":"purchasable","13":"product-type-simple"},"_links":{"self":[{"href":"https:\/\/laboratorioalquimia.com.ar\/index.php?rest_route=\/wp\/v2\/product\/217","targetHints":{"allow":["GET"]}}],"collection":[{"href":"https:\/\/laboratorioalquimia.com.ar\/index.php?rest_route=\/wp\/v2\/product"}],"about":[{"href":"https:\/\/laboratorioalquimia.com.ar\/index.php?rest_route=\/wp\/v2\/types\/product"}],"replies":[{"embeddable":true,"href":"https:\/\/laboratorioalquimia.com.ar\/index.php?rest_route=%2Fwp%2Fv2%2Fcomments&post=217"}],"wp:featuredmedia":[{"embeddable":true,"href":"https:\/\/laboratorioalquimia.com.ar\/index.php?rest_route=\/wp\/v2\/media\/180"}],"wp:attachment":[{"href":"https:\/\/laboratorioalquimia.com.ar\/index.php?rest_route=%2Fwp%2Fv2%2Fmedia&parent=217"}],"wp:term":[{"taxonomy":"product_brand","embeddable":true,"href":"https:\/\/laboratorioalquimia.com.ar\/index.php?rest_route=%2Fwp%2Fv2%2Fproduct_brand&post=217"},{"taxonomy":"product_cat","embeddable":true,"href":"https:\/\/laboratorioalquimia.com.ar\/index.php?rest_route=%2Fwp%2Fv2%2Fproduct_cat&post=217"},{"taxonomy":"product_tag","embeddable":true,"href":"https:\/\/laboratorioalquimia.com.ar\/index.php?rest_route=%2Fwp%2Fv2%2Fproduct_tag&post=217"}],"curies":[{"name":"wp","href":"https:\/\/api.w.org\/{rel}","templated":true}]}}