{"id":159,"date":"2018-02-26T15:12:15","date_gmt":"2018-02-26T18:12:15","guid":{"rendered":"https:\/\/laboratorioalquimia.com.ar\/?post_type=product&#038;p=159"},"modified":"2021-06-02T07:52:26","modified_gmt":"2021-06-02T10:52:26","slug":"polimagnesio-x-250-ml","status":"publish","type":"product","link":"https:\/\/laboratorioalquimia.com.ar\/?product=polimagnesio-x-250-ml","title":{"rendered":"Polimagnesio x 250 ml"},"content":{"rendered":"<p>F\u00d3RMULA: Cada 100 ml contiene<br \/>\nCloruro de Magnesio: 150 mg<br \/>\nSulfato de Magnesio: 100 mg<br \/>\nIoduro de Magnesio: 7,5 \u03bcg<br \/>\nBromuro de Magnesio: 1,5 \u03bcg<br \/>\nCarbonato de Magnesio: 1,5 \u03bcg<br \/>\nFosfato de Magnesio: 1,5 \u03bcg<br \/>\nCloruro de Calcio: 1,5 \u03bcg<br \/>\nSulfato de Cobre: 250 mg<br \/>\nSulfato de Hierro: 50 mg<br \/>\nIoduro de Sodio: 60 mg<br \/>\nCloruro de sodio: 50 mg<br \/>\nBicarbonato de Sodio: 50 mg<br \/>\n\u00c1cido F\u00e9nico: 30 mg<\/p>\n<p>ESPECIES: Ovinos, Porcinos y Bovinos. <\/p>\n<p>INDICACIONES: Prevenci\u00f3n y tratamiento de hipocalcemia, hipomagnesemia, fiebre de leche, tetania de los avenales, fiebre del transporte, raquitismo, osteomalacia, alopec\u00edas y estados carenciales en general derivados de alteraciones de la absorci\u00f3n gastrointestinal. Como activante de la asimilaci\u00f3n permite el aprovechamiento de los pastos duros, raciones de alto contenido de celulosa y pastos aguachentos con elevado tenor proteico que provoca trastornos ruminales, not\u00e1ndose una gran disminuci\u00f3n de los casos de timpanismo. POLIMAGNESIO es un poderoso estimulante del crecimiento y la reposici\u00f3n de los tejidos por su acci\u00f3n directa sobre el metabolismo, aumentando la ganancia de peso en cualquiera de las etapas del desarrollo del animal.<\/p>\n<p>ADMINISTRACI\u00d3N: Inyectable subcut\u00e1neo.<\/p>\n<p>DOSIFICACI\u00d3N:<br \/>\nTerneros: 5 a 10 ml.<br \/>\nBovinos Adultos: 10 a 20 ml.<br \/>\nBovinos en Lactaci\u00f3n: 15 a 30 ml.<br \/>\nOvinos y Porcinos: 1 ml cada 20 kpv.<br \/>\nCaninos y Felinos: 1 a 3 ml.<\/p>\n<p>PRESENTACI\u00d3N: Frasco ampolla por 250 ml.<\/p>\n<p>SENASA Certificado N\u00ba 85344<\/p>\n","protected":false},"excerpt":{"rendered":"<p>Estimulante &#8211; Normalizador &#8211; Mineralizante<\/p>\n","protected":false},"featured_media":211,"comment_status":"open","ping_status":"closed","template":"","meta":[],"product_brand":[],"product_cat":[15],"product_tag":[],"class_list":{"0":"post-159","1":"product","2":"type-product","3":"status-publish","4":"has-post-thumbnail","6":"product_cat-grandes_animales","8":"first","9":"outofstock","10":"taxable","11":"shipping-taxable","12":"purchasable","13":"product-type-simple"},"_links":{"self":[{"href":"https:\/\/laboratorioalquimia.com.ar\/index.php?rest_route=\/wp\/v2\/product\/159","targetHints":{"allow":["GET"]}}],"collection":[{"href":"https:\/\/laboratorioalquimia.com.ar\/index.php?rest_route=\/wp\/v2\/product"}],"about":[{"href":"https:\/\/laboratorioalquimia.com.ar\/index.php?rest_route=\/wp\/v2\/types\/product"}],"replies":[{"embeddable":true,"href":"https:\/\/laboratorioalquimia.com.ar\/index.php?rest_route=%2Fwp%2Fv2%2Fcomments&post=159"}],"wp:featuredmedia":[{"embeddable":true,"href":"https:\/\/laboratorioalquimia.com.ar\/index.php?rest_route=\/wp\/v2\/media\/211"}],"wp:attachment":[{"href":"https:\/\/laboratorioalquimia.com.ar\/index.php?rest_route=%2Fwp%2Fv2%2Fmedia&parent=159"}],"wp:term":[{"taxonomy":"product_brand","embeddable":true,"href":"https:\/\/laboratorioalquimia.com.ar\/index.php?rest_route=%2Fwp%2Fv2%2Fproduct_brand&post=159"},{"taxonomy":"product_cat","embeddable":true,"href":"https:\/\/laboratorioalquimia.com.ar\/index.php?rest_route=%2Fwp%2Fv2%2Fproduct_cat&post=159"},{"taxonomy":"product_tag","embeddable":true,"href":"https:\/\/laboratorioalquimia.com.ar\/index.php?rest_route=%2Fwp%2Fv2%2Fproduct_tag&post=159"}],"curies":[{"name":"wp","href":"https:\/\/api.w.org\/{rel}","templated":true}]}}