{"id":65,"date":"2018-02-21T23:27:07","date_gmt":"2018-02-22T02:27:07","guid":{"rendered":"https:\/\/laboratorioalquimia.com.ar\/?page_id=65"},"modified":"2021-05-19T07:58:03","modified_gmt":"2021-05-19T10:58:03","slug":"acerca-de","status":"publish","type":"page","link":"https:\/\/laboratorioalquimia.com.ar\/?page_id=65","title":{"rendered":"Contacto"},"content":{"rendered":"<p>Direcci\u00f3n:<br \/>\nCastro Barros 1435, (2942) Baradero, Buenos Aires<\/p>\n<p>T\u00e9lefono:<br \/>\n03329 &#8211; 483335 (L\u00edneas Rotativas)<\/p>\n<p>Mail:<br \/>\ninfo@laboratorioalquimia.com.ar<br \/>\nventas@laboratorioalquimia.com.ar<\/p>\n<p>Horario de Atenci\u00f3n:<br \/>\nLunes a Viernes de 7 a 12 hs.<\/p>\n","protected":false},"excerpt":{"rendered":"<p>Direcci\u00f3n: Castro Barros 1435, (2942) Baradero, Buenos Aires T\u00e9lefono: 03329 &#8211; 483335 (L\u00edneas Rotativas) Mail: info@laboratorioalquimia.com.ar ventas@laboratorioalquimia.com.ar Horario de Atenci\u00f3n: Lunes a Viernes de 7 a 12 hs.<\/p>\n","protected":false},"author":1,"featured_media":0,"parent":0,"menu_order":0,"comment_status":"closed","ping_status":"closed","template":"","meta":{"footnotes":""},"class_list":["post-65","page","type-page","status-publish","hentry"],"_links":{"self":[{"href":"https:\/\/laboratorioalquimia.com.ar\/index.php?rest_route=\/wp\/v2\/pages\/65","targetHints":{"allow":["GET"]}}],"collection":[{"href":"https:\/\/laboratorioalquimia.com.ar\/index.php?rest_route=\/wp\/v2\/pages"}],"about":[{"href":"https:\/\/laboratorioalquimia.com.ar\/index.php?rest_route=\/wp\/v2\/types\/page"}],"author":[{"embeddable":true,"href":"https:\/\/laboratorioalquimia.com.ar\/index.php?rest_route=\/wp\/v2\/users\/1"}],"replies":[{"embeddable":true,"href":"https:\/\/laboratorioalquimia.com.ar\/index.php?rest_route=%2Fwp%2Fv2%2Fcomments&post=65"}],"version-history":[{"count":13,"href":"https:\/\/laboratorioalquimia.com.ar\/index.php?rest_route=\/wp\/v2\/pages\/65\/revisions"}],"predecessor-version":[{"id":753,"href":"https:\/\/laboratorioalquimia.com.ar\/index.php?rest_route=\/wp\/v2\/pages\/65\/revisions\/753"}],"wp:attachment":[{"href":"https:\/\/laboratorioalquimia.com.ar\/index.php?rest_route=%2Fwp%2Fv2%2Fmedia&parent=65"}],"curies":[{"name":"wp","href":"https:\/\/api.w.org\/{rel}","templated":true}]}}