{"id":380,"date":"2018-02-28T10:29:51","date_gmt":"2018-02-28T13:29:51","guid":{"rendered":"https:\/\/laboratorioalquimia.com.ar\/?page_id=380"},"modified":"2021-06-23T08:49:45","modified_gmt":"2021-06-23T11:49:45","slug":"quienes-somos","status":"publish","type":"page","link":"https:\/\/laboratorioalquimia.com.ar\/?page_id=380","title":{"rendered":"\u00bfQui\u00e9nes Somos?"},"content":{"rendered":"<p>Somos una empresa argentina destinada a la elaboraci\u00f3n y comercializaci\u00f3n de productos veterinarios.<\/p>\n<p><img fetchpriority=\"high\" decoding=\"async\" class=\"alignnone size-medium wp-image-829\" src=\"https:\/\/laboratorioalquimia.com.ar\/wp-content\/uploads\/2021\/06\/Laboratorio-Alquimia-Reducido-300x200.jpg\" alt=\"\" width=\"300\" height=\"200\" srcset=\"https:\/\/laboratorioalquimia.com.ar\/wp-content\/uploads\/2021\/06\/Laboratorio-Alquimia-Reducido-300x200.jpg 300w, https:\/\/laboratorioalquimia.com.ar\/wp-content\/uploads\/2021\/06\/Laboratorio-Alquimia-Reducido-1024x681.jpg 1024w, https:\/\/laboratorioalquimia.com.ar\/wp-content\/uploads\/2021\/06\/Laboratorio-Alquimia-Reducido-768x511.jpg 768w, https:\/\/laboratorioalquimia.com.ar\/wp-content\/uploads\/2021\/06\/Laboratorio-Alquimia-Reducido-1536x1022.jpg 1536w, https:\/\/laboratorioalquimia.com.ar\/wp-content\/uploads\/2021\/06\/Laboratorio-Alquimia-Reducido-500x333.jpg 500w, https:\/\/laboratorioalquimia.com.ar\/wp-content\/uploads\/2021\/06\/Laboratorio-Alquimia-Reducido.jpg 1703w\" sizes=\"(max-width: 300px) 100vw, 300px\" \/><\/p>\n<h4><span class=\"fontstyle0\">Nuestra imagen del futuro:<\/span><\/h4>\n<p><span class=\"fontstyle0\">Nuestra visi\u00f3n es consolidarnos como una empresa reconocida en el mercado<br \/>\nglobalizado, por la calidad y excelencia de sus productos y servicios<br \/>\nsuministrados para satisfacer las necesidades de nuestros clientes,<br \/>\nlas expectativas de sus accionistas y el bienestar de su personal.<\/span><\/p>\n<h4>Nuestra raz\u00f3n de ser:<\/h4>\n<p><span class=\"fontstyle0\"> Nuestra empresa procesa y comercializa productos pensados y logrados<br \/>\nen pro de la sanidad animal.<\/span><\/p>\n<p>Satisfacer las necesidades de calidad y servicios que demandan los mercados\u00a0<span class=\"fontstyle0\">aprovechando las oportunidades de crecimiento a trav\u00e9s de una organizaci\u00f3n de alto desempe\u00f1o.<\/span><\/p>\n<p><span class=\"fontstyle0\">Tiene como objetivos agregar valor a sus accionistas, dar respuesta<br \/>\na las necesidades de sus clientes y al bienestar de su personal.<\/span><\/p>\n<p><span class=\"fontstyle0\">Incorporar tecnolog\u00eda de vanguardia dentro de un marco de respeto al medio ambiente y a las normas \u00e9ticas y legales.<\/span><\/p>\n","protected":false},"excerpt":{"rendered":"<p>Somos una empresa argentina destinada a la elaboraci\u00f3n y comercializaci\u00f3n de productos veterinarios. Nuestra imagen del futuro: Nuestra visi\u00f3n es consolidarnos como una empresa reconocida en el mercado globalizado, por la calidad y excelencia de sus productos y servicios suministrados para satisfacer las necesidades de nuestros clientes, las expectativas de sus accionistas y el bienestar [&hellip;]<\/p>\n","protected":false},"author":1,"featured_media":829,"parent":0,"menu_order":0,"comment_status":"closed","ping_status":"closed","template":"","meta":{"footnotes":""},"class_list":["post-380","page","type-page","status-publish","has-post-thumbnail","hentry"],"_links":{"self":[{"href":"https:\/\/laboratorioalquimia.com.ar\/index.php?rest_route=\/wp\/v2\/pages\/380","targetHints":{"allow":["GET"]}}],"collection":[{"href":"https:\/\/laboratorioalquimia.com.ar\/index.php?rest_route=\/wp\/v2\/pages"}],"about":[{"href":"https:\/\/laboratorioalquimia.com.ar\/index.php?rest_route=\/wp\/v2\/types\/page"}],"author":[{"embeddable":true,"href":"https:\/\/laboratorioalquimia.com.ar\/index.php?rest_route=\/wp\/v2\/users\/1"}],"replies":[{"embeddable":true,"href":"https:\/\/laboratorioalquimia.com.ar\/index.php?rest_route=%2Fwp%2Fv2%2Fcomments&post=380"}],"version-history":[{"count":3,"href":"https:\/\/laboratorioalquimia.com.ar\/index.php?rest_route=\/wp\/v2\/pages\/380\/revisions"}],"predecessor-version":[{"id":831,"href":"https:\/\/laboratorioalquimia.com.ar\/index.php?rest_route=\/wp\/v2\/pages\/380\/revisions\/831"}],"wp:featuredmedia":[{"embeddable":true,"href":"https:\/\/laboratorioalquimia.com.ar\/index.php?rest_route=\/wp\/v2\/media\/829"}],"wp:attachment":[{"href":"https:\/\/laboratorioalquimia.com.ar\/index.php?rest_route=%2Fwp%2Fv2%2Fmedia&parent=380"}],"curies":[{"name":"wp","href":"https:\/\/api.w.org\/{rel}","templated":true}]}}